{"id":6206,"date":"2021-11-20T01:31:54","date_gmt":"2021-11-19T23:31:54","guid":{"rendered":"https:\/\/uniquemodelsagency.ro\/?page_id=6206"},"modified":"2021-11-20T01:49:24","modified_gmt":"2021-11-19T23:49:24","slug":"women-briana","status":"publish","type":"page","link":"https:\/\/uniquemodelsagency.ro\/ro_RO\/women-briana\/","title":{"rendered":"Fete BRIANA ZVIRID"},"content":{"rendered":"<div class=\"name-sec-uma\">\n  <h1>BRIANA ZVIRID<\/h1>\n<\/div>\n<section class=\"container\">\n  <div class=\"col-md-12 col-sm-12 col-xs-12\">\n    <h2 class=\"info-desc-uma\"><span style=\"font-weight:400;\">\u00cen\u0103l\u0163ime:<\/span> 1,74 | Bust: 80 | <span\n        style=\"font-weight:400;\">Talie:<\/span> 58 | <span style=\"font-weight:400;\">\u015eolduri:<\/span> 84 | <span\n        style=\"font-weight:400;\">Pantofi:<\/span> 39 | <span style=\"font-weight:400;\">p\u0103r:<\/span> Castaniu |\n      <span style=\"font-weight:400;\">Ochi:<\/span> Alba\u0219tri <\/h2>\n  <\/div>\n  <div class=\"row\">\n    <div class=\"col-md-6 col-sm-6 col-xs-12 grid-port-uma\"><img src=\"http:\/\/uniquemodelsagency.ro\/wp-content\/uploads\/woman-new\/w_briana_1.png\" alt=\"briana\" \/>\n    <\/div>\n    <div class=\"col-md-6 col-sm-6 col-xs-12 grid-port-uma\"><img src=\"http:\/\/uniquemodelsagency.ro\/wp-content\/uploads\/woman-new\/w_briana_2.png\" alt=\"briana\" \/>\n    <\/div>\n  <\/div>\n\n  <div class=\"row\">\n    <div class=\"col-md-6 col-sm-6 col-xs-12 grid-port-uma\"><img src=\"http:\/\/uniquemodelsagency.ro\/wp-content\/uploads\/woman-new\/w_briana_3.png\" alt=\"briana\" \/>\n    <\/div>\n    <div class=\"col-md-6 col-sm-6 col-xs-12 grid-port-uma\"><img src=\"http:\/\/uniquemodelsagency.ro\/wp-content\/uploads\/woman-new\/w_briana_4.png\" alt=\"briana\" \/>\n    <\/div>\n  <\/div>\n\n  <div class=\"row\">\n    <div class=\"col-md-4 col-sm-4 col-xs-12 grid-port-uma\"><img src=\"http:\/\/uniquemodelsagency.ro\/wp-content\/uploads\/woman-new\/w_briana_5.png\" alt=\"briana\" \/>\n    <\/div>\n    <div class=\"col-md-4 col-sm-4 col-xs-12 grid-port-uma\"><img src=\"http:\/\/uniquemodelsagency.ro\/wp-content\/uploads\/woman-new\/w_briana_6.png\" alt=\"briana\" \/>\n    <\/div>\n    <div class=\"col-md-4 col-sm-4 col-xs-12 grid-port-uma\"><img src=\"http:\/\/uniquemodelsagency.ro\/wp-content\/uploads\/woman-new\/w_briana_7.png\" alt=\"briana\" \/>\n    <\/div>\n  <\/div>\n\n  <div class=\"row\">\n    <div class=\"col-md-12 col-sm-12 col-xs-12 grid-port-uma\">\n      <center><img src=\"http:\/\/uniquemodelsagency.ro\/wp-content\/uploads\/woman-new\/w_briana_10.png\" alt=\"briana\" \/>\n      <\/center>\n    <\/div>\n  <\/div>\n\n  <div class=\"row\">\n    <div class=\"col-md-4 col-sm-4 col-xs-12 grid-port-uma\"><img src=\"http:\/\/uniquemodelsagency.ro\/wp-content\/uploads\/woman-new\/w_briana_8.png\" alt=\"briana\" \/>\n    <\/div>\n    <div class=\"col-md-4 col-sm-4 col-xs-12 grid-port-uma\"><img src=\"http:\/\/uniquemodelsagency.ro\/wp-content\/uploads\/woman-new\/w_briana_9.png\" alt=\"briana\" \/>\n    <\/div>\n    <div class=\"col-md-4 col-sm-4 col-xs-12 grid-port-uma\"><img src=\"http:\/\/uniquemodelsagency.ro\/wp-content\/uploads\/woman-new\/w_briana_12.png\" alt=\"briana\" \/>\n    <\/div>\n  <\/div>\n\n  <div class=\"row\">\n    <div class=\"col-md-12 col-sm-12 col-xs-12 grid-port-uma\">\n      <center><img src=\"http:\/\/uniquemodelsagency.ro\/wp-content\/uploads\/woman-new\/w_briana_11.png\" alt=\"briana\" \/>\n      <\/center>\n    <\/div>\n  <\/div>\n\n  <div class=\"row\">\n    <div class=\"col-md-12 col-sm-12 col-xs-12 grid-port-uma\">\n      <center><img src=\"http:\/\/uniquemodelsagency.ro\/wp-content\/uploads\/woman-new\/w_briana_13.png\" alt=\"briana\" \/>\n      <\/center>\n    <\/div>\n  <\/div>\n\n  <div class=\"row\">\n    <div class=\"col-md-12 col-sm-12 col-xs-12 grid-port-uma\">\n      <center><img src=\"http:\/\/uniquemodelsagency.ro\/wp-content\/uploads\/woman-new\/w_briana_14.png\" alt=\"briana\" \/>\n      <\/center>\n    <\/div>\n  <\/div>\n\n\n\n<\/section>","protected":false},"excerpt":{"rendered":"<div class=\"name-sec-uma\">\n<h1>BRIANA ZVIRID<\/h1>\n<\/div>\n<section class=\"container\">\n<div class=\"col-md-12 col-sm-12 col-xs-12\">\n<h2 class=\"info-desc-uma\"><span style=\"font-weight:400;\">\u00cen\u0103l\u0163ime:<\/span> 1,74 | Bust: 80 | <span\n        style=\"...\n<\/p>\n","protected":false},"author":1,"featured_media":0,"parent":0,"menu_order":0,"comment_status":"closed","ping_status":"closed","template":"page-general.php","meta":[],"_links":{"self":[{"href":"https:\/\/uniquemodelsagency.ro\/ro_RO\/wp-json\/wp\/v2\/pages\/6206"}],"collection":[{"href":"https:\/\/uniquemodelsagency.ro\/ro_RO\/wp-json\/wp\/v2\/pages"}],"about":[{"href":"https:\/\/uniquemodelsagency.ro\/ro_RO\/wp-json\/wp\/v2\/types\/page"}],"author":[{"embeddable":true,"href":"https:\/\/uniquemodelsagency.ro\/ro_RO\/wp-json\/wp\/v2\/users\/1"}],"replies":[{"embeddable":true,"href":"https:\/\/uniquemodelsagency.ro\/ro_RO\/wp-json\/wp\/v2\/comments?post=6206"}],"version-history":[{"count":6,"href":"https:\/\/uniquemodelsagency.ro\/ro_RO\/wp-json\/wp\/v2\/pages\/6206\/revisions"}],"predecessor-version":[{"id":6218,"href":"https:\/\/uniquemodelsagency.ro\/ro_RO\/wp-json\/wp\/v2\/pages\/6206\/revisions\/6218"}],"wp:attachment":[{"href":"https:\/\/uniquemodelsagency.ro\/ro_RO\/wp-json\/wp\/v2\/media?parent=6206"}],"curies":[{"name":"wp","href":"https:\/\/api.w.org\/{rel}","templated":true}]}}