{"id":5713,"date":"2020-02-10T21:37:58","date_gmt":"2020-02-10T19:37:58","guid":{"rendered":"http:\/\/uniquemodelsagency.ro\/?page_id=5713"},"modified":"2023-02-28T15:24:47","modified_gmt":"2023-02-28T13:24:47","slug":"women-georgiana","status":"publish","type":"page","link":"https:\/\/uniquemodelsagency.ro\/ro_RO\/women-georgiana\/","title":{"rendered":"Fete GEORGIANA"},"content":{"rendered":"<div class=\"name-sec-uma\">\r\n  <h1>GEORGIANA<\/h1>\r\n  <\/div>\r\n  \r\n  <section class=\"container\">\r\n  <div class=\"col-md-12 col-sm-12 col-xs-12\">\r\n    <h2 class=\"info-desc-uma\"><span style=\"font-weight:400;\">\u00cen\u0103l\u0163ime:<\/span> 1,79 | Bust: 84 | <span style=\"font-weight:400;\">Talie:<\/span> 64 | <span style=\"font-weight:400;\">\u015eolduri:<\/span> 86 | <span style=\"font-weight:400;\">Pantofi:<\/span> 39 | <span style=\"font-weight:400;\">P\u0103r:<\/span> Castaniu | <span style=\"font-weight:400;\">Ochi:<\/span> C\u0103prui<\/h2>\r\n  <\/div>\r\n\r\n<div class=\"row\">\r\n    <div class=\"col-md-6 col-sm-6 col-xs-12 grid-port-uma\"><img src=\"http:\/\/uniquemodelsagency.ro\/wp-content\/uploads\/woman-new\/w_georgiana_11.png\" alt=\"Georgiana\" \/>\r\n    <\/div>\r\n    <div class=\"col-md-6 col-sm-6 col-xs-12 grid-port-uma\"><img src=\"http:\/\/uniquemodelsagency.ro\/wp-content\/uploads\/woman-new\/w_georgiana_12.png\" alt=\"Georgiana\" \/>\r\n    <\/div>\r\n  <\/div>\r\n\r\n  <div class=\"row\">\r\n    <div class=\"col-md-6 col-sm-6 col-xs-12 grid-port-uma\"><img src=\"http:\/\/uniquemodelsagency.ro\/wp-content\/uploads\/woman-new\/w_georgiana_13.png\" alt=\"Georgiana\" \/>\r\n    <\/div>\r\n    <div class=\"col-md-6 col-sm-6 col-xs-12 grid-port-uma\"><img src=\"http:\/\/uniquemodelsagency.ro\/wp-content\/uploads\/woman-new\/w_georgiana_14.png\" alt=\"Georgiana\" \/>\r\n    <\/div>\r\n  <\/div>\r\n\r\n  <div class=\"row\">\r\n    <div class=\"col-md-6 col-sm-6 col-xs-12 grid-port-uma\"><img src=\"http:\/\/uniquemodelsagency.ro\/wp-content\/uploads\/woman-new\/w_georgiana_18.png\" alt=\"Georgiana\" \/>\r\n    <\/div>\r\n    <div class=\"col-md-6 col-sm-6 col-xs-12 grid-port-uma\"><img src=\"http:\/\/uniquemodelsagency.ro\/wp-content\/uploads\/woman-new\/w_georgiana_19.png\" alt=\"Georgiana\" \/>\r\n    <\/div>\r\n  <\/div>\r\n\r\n  <div class=\"row\">\r\n    <div class=\"col-md-4 col-sm-4 col-xs-12 grid-port-uma\"><img src=\"http:\/\/uniquemodelsagency.ro\/wp-content\/uploads\/woman-new\/w_georgiana_15.png\" alt=\"Georgiana\" \/>\r\n    <\/div>\r\n    <div class=\"col-md-4 col-sm-4 col-xs-12 grid-port-uma\"><img src=\"http:\/\/uniquemodelsagency.ro\/wp-content\/uploads\/woman-new\/w_georgiana_16.png\" alt=\"Georgiana\" \/>\r\n    <\/div>\r\n    <div class=\"col-md-4 col-sm-4 col-xs-12 grid-port-uma\"><img src=\"http:\/\/uniquemodelsagency.ro\/wp-content\/uploads\/woman-new\/w_georgiana_17.png\" alt=\"Georgiana\" \/>\r\n    <\/div>\r\n  <\/div>\r\n\r\n\r\n\r\n  \r\n  <div class=\"row\">\r\n  <div class=\"col-md-4 col-sm-4 col-xs-12 grid-port-uma\">\r\n  <img src=\"http:\/\/uniquemodelsagency.ro\/wp-content\/themes\/theme-uma\/images\/w_georgiana_1.jpg\" alt=\"unique-models-agency-georgiana\"\/>\r\n  <\/div>\r\n  <div class=\"col-md-4 col-sm-4 col-xs-12 grid-port-uma\">\r\n  <img src=\"http:\/\/uniquemodelsagency.ro\/wp-content\/themes\/theme-uma\/images\/w_georgiana_2.jpg\" alt=\"unique-models-agency-georgiana\"\/>\r\n  <\/div>\r\n  <div class=\"col-md-4 col-sm-4 col-xs-12 grid-port-uma\">\r\n    <img src=\"http:\/\/uniquemodelsagency.ro\/wp-content\/themes\/theme-uma\/images\/w_georgiana_3.jpg\" alt=\"unique-models-agency-georgiana\"\/>\r\n    <\/div>\r\n  <\/div>\r\n  \r\n  <div class=\"row\">\r\n    <div class=\"col-md-6 col-sm-6 col-xs-12 grid-port-uma\">\r\n      <img src=\"http:\/\/uniquemodelsagency.ro\/wp-content\/themes\/theme-uma\/images\/w_georgiana_4.jpg\" alt=\"unique-models-agency-georgiana\"\/>\r\n      <\/div>\r\n      <div class=\"col-md-6 col-sm-6 col-xs-12 grid-port-uma\">\r\n        <img src=\"http:\/\/uniquemodelsagency.ro\/wp-content\/themes\/theme-uma\/images\/w_georgiana_5.jpg\" alt=\"unique-models-agency-georgiana\"\/>\r\n        <\/div>\r\n  <\/div>\r\n\r\n  <div class=\"row\">\r\n    <div class=\"col-md-4 col-sm-4 col-xs-12 grid-port-uma\">\r\n    <img src=\"http:\/\/uniquemodelsagency.ro\/wp-content\/themes\/theme-uma\/images\/w_georgiana_6.jpg\" alt=\"unique-models-agency-georgiana\"\/>\r\n    <\/div>\r\n    <div class=\"col-md-4 col-sm-4 col-xs-12 grid-port-uma\">\r\n    <img src=\"http:\/\/uniquemodelsagency.ro\/wp-content\/themes\/theme-uma\/images\/w_georgiana_7.jpg\" alt=\"unique-models-agency-georgiana\"\/>\r\n    <\/div>\r\n    <div class=\"col-md-4 col-sm-4 col-xs-12 grid-port-uma\">\r\n      <img src=\"http:\/\/uniquemodelsagency.ro\/wp-content\/themes\/theme-uma\/images\/w_georgiana_8.jpg\" alt=\"unique-models-agency-georgiana\"\/>\r\n      <\/div>\r\n    <\/div>\r\n\r\n    <div class=\"row\">\r\n      <div class=\"col-md-6 col-sm-6 col-xs-12 grid-port-uma\">\r\n        <img src=\"http:\/\/uniquemodelsagency.ro\/wp-content\/themes\/theme-uma\/images\/w_georgiana_9.jpg\" alt=\"unique-models-agency-georgiana\"\/>\r\n        <\/div>\r\n        <div class=\"col-md-6 col-sm-6 col-xs-12 grid-port-uma\">\r\n          <img src=\"http:\/\/uniquemodelsagency.ro\/wp-content\/themes\/theme-uma\/images\/w_georgiana_10.jpg\" alt=\"unique-models-agency-georgiana\"\/>\r\n          <\/div>\r\n    <\/div>\r\n  \r\n  <\/section>","protected":false},"excerpt":{"rendered":"<div class=\"name-sec-uma\">\n<h1>GEORGIANA<\/h1>\n<\/p><\/div>\n<section class=\"container\">\n<div class=\"col-md-12 col-sm-12 col-xs-12\">\n<h2 class=\"info-desc-uma\"><span style=\"font-weight:400;\">\u00cen\u0103l\u0163ime:<\/span> 1,79 | Bust: 84 | <span style=...\n<\/p>\n","protected":false},"author":1,"featured_media":0,"parent":0,"menu_order":0,"comment_status":"closed","ping_status":"closed","template":"page-general.php","meta":[],"_links":{"self":[{"href":"https:\/\/uniquemodelsagency.ro\/ro_RO\/wp-json\/wp\/v2\/pages\/5713"}],"collection":[{"href":"https:\/\/uniquemodelsagency.ro\/ro_RO\/wp-json\/wp\/v2\/pages"}],"about":[{"href":"https:\/\/uniquemodelsagency.ro\/ro_RO\/wp-json\/wp\/v2\/types\/page"}],"author":[{"embeddable":true,"href":"https:\/\/uniquemodelsagency.ro\/ro_RO\/wp-json\/wp\/v2\/users\/1"}],"replies":[{"embeddable":true,"href":"https:\/\/uniquemodelsagency.ro\/ro_RO\/wp-json\/wp\/v2\/comments?post=5713"}],"version-history":[{"count":10,"href":"https:\/\/uniquemodelsagency.ro\/ro_RO\/wp-json\/wp\/v2\/pages\/5713\/revisions"}],"predecessor-version":[{"id":6546,"href":"https:\/\/uniquemodelsagency.ro\/ro_RO\/wp-json\/wp\/v2\/pages\/5713\/revisions\/6546"}],"wp:attachment":[{"href":"https:\/\/uniquemodelsagency.ro\/ro_RO\/wp-json\/wp\/v2\/media?parent=5713"}],"curies":[{"name":"wp","href":"https:\/\/api.w.org\/{rel}","templated":true}]}}