{"id":2456,"date":"2013-09-24T12:40:40","date_gmt":"2013-09-24T10:40:40","guid":{"rendered":"http:\/\/uniquemodelsagency.ro\/?page_id=2456"},"modified":"2026-03-16T17:33:43","modified_gmt":"2026-03-16T15:33:43","slug":"women","status":"publish","type":"page","link":"https:\/\/uniquemodelsagency.ro\/ro_RO\/women\/","title":{"rendered":"Fete"},"content":{"rendered":"<div class=\"row\" style=\"margin-top: 0.8em;\">\r\n\r\n\r\n<section class=\"container umahead\">\r\n  <div class=\"col-md-4 col-md-offset-4 col-sm-6 col-sm-offset-3 col-xs-12\">\r\n    <h1>Fete<\/h1>\r\n  <\/div>\r\n<\/section>\r\n\r\n<div class=\"row\">\r\n\r\n  <div class=\"col-md-3 col-sm-4 col-xs-12 face-uma\">\r\n    <div class=\"ih-item square effect6 top_to_bottom\"><a href=\"http:\/\/uniquemodelsagency.ro\/ro_RO\/women-ana-danila\/\">\r\n        <div class=\"img\"><img src=\"https:\/\/uniquemodelsagency.ro\/wp-content\/uploads\/2023\/02\/111-1.jpg\"\r\n            alt=\"img\"\/><\/div>\r\n        <div class=\"info\">\r\n          <h2 class=\"hover-uma\">Ana D\u0103nil\u0103<\/h2>\r\n          <p style=\"text-align: center;\">\u00cen\u0103l\u0163ime: 1,77 | Bust: 85 | Talie: 63 | \u015eolduri: 90 | Pantofi: 38 | P\u0103r:\r\n            Castaniu | Ochi: Alba\u0219tri<\/p>\r\n        <\/div>\r\n      <\/a>\r\n    <\/div>\r\n  <\/div>  \r\n\r\n<div class=\"col-md-3 col-sm-4 col-xs-12 face-uma\">\r\n    <div class=\"ih-item square effect6 top_to_bottom\"><a href=\"https:\/\/uniquemodelsagency.ro\/ro_RO\/women-anastasia-itu-2\/\">\r\n        <div class=\"img\"><img src=\"https:\/\/uniquemodelsagency.ro\/wp-content\/uploads\/2025\/02\/a.jpg\" alt=\"img\"\/><\/div>\r\n        <div class=\"info\">\r\n          <h2 class=\"hover-uma\">Anastasia Itu<\/h2>\r\n          <p style=\"text-align: center;\">\u00cen\u0103l\u0163ime: 1,81 | Bust: 83 | Talie: 63 | \u015eolduri: 93 | Pantofi: 39 | P\u0103r: \u0218aten Deschis\r\n            | Ochi: Albastri<\/p>\r\n        <\/div>\r\n      <\/a><\/div>\r\n  <\/div>\r\n\r\n\r\n<div class=\"col-md-3 col-sm-4 col-xs-12 face-uma\">\r\n    <div class=\"ih-item square effect6 top_to_bottom\"><a href=\"https:\/\/uniquemodelsagency.ro\/women-miruna-enescu\/\">\r\n        <div class=\"img\"><img src=\"https:\/\/uniquemodelsagency.ro\/wp-content\/uploads\/2026\/01\/Miruna_a1.jpg\"\r\n            alt=\"img\"\/><\/div>\r\n        <div class=\"info\">\r\n          <h2 class=\"hover-uma\">Miruna Enescu<\/h2>\r\n          <p style=\"text-align: center;\">\u00cen\u0103l\u0163ime: 1,80 | Bust: 85 | Talie: 63 | \u015eolduri: 93 | Pantofi: 39 | P\u0103r: Castaniu\r\n            | Ochi: C\u0103prui<\/p>\r\n        <\/div>\r\n      <\/a><\/div>\r\n  <\/div>\r\n\r\n\r\n<div class=\"col-md-3 col-sm-4 col-xs-12 face-uma\">\r\n    <div class=\"ih-item square effect6 top_to_bottom\"><a href=\"https:\/\/uniquemodelsagency.ro\/ro_RO\/women-ania-ivan\/\">\r\n        <div class=\"img\"><img src=\"https:\/\/uniquemodelsagency.ro\/wp-content\/uploads\/2026\/01\/Ania_a2.jpg\"\r\n            alt=\"img\"\/><\/div>\r\n        <div class=\"info\">\r\n          <h2 class=\"hover-uma\">Ania Ivan<\/h2>\r\n          <p style=\"text-align: center;\">\u00cen\u0103l\u0163ime: 1,78 | Bust: 84 | Talie: 61 | \u015eolduri: 91 | Pantofi: 40 | P\u0103r: \u0218aten deschis\r\n            | Ochi: Alba\u0219tri<\/p>\r\n        <\/div>\r\n      <\/a><\/div>\r\n  <\/div>\r\n\r\n\r\n\r\n\r\n<\/div>\r\n<div class=\"row\" style=\"margin-top: 0.8em;\">\r\n\r\n\r\n<div class=\"col-md-3 col-sm-4 col-xs-12 face-uma\">\r\n    <div class=\"ih-item square effect6 top_to_bottom\"><a href=\"https:\/\/uniquemodelsagency.ro\/women-maria-irimiea\/\">\r\n        <div class=\"img\"><img src=\"https:\/\/uniquemodelsagency.ro\/wp-content\/uploads\/2025\/10\/COVER-Maria.jpg\"\r\n            alt=\"img\"\/><\/div>\r\n        <div class=\"info\">\r\n          <h2 class=\"hover-uma\">Maria Irimiea<\/h2>\r\n          <p style=\"text-align: center;\">\u00cen\u0103l\u0163ime: 1,75 | Bust: 84 | Talie: 63 | \u015eolduri: 91 | Pantofi: 39 | P\u0103r: Castaniu \u00eenchis\r\n            | Ochi: C\u0103prui<\/p>\r\n        <\/div>\r\n      <\/a><\/div>\r\n  <\/div>\r\n\r\n<div class=\"col-md-3 col-sm-4 col-xs-12 face-uma\">\r\n    <div class=\"ih-item square effect6 top_to_bottom\"><a href=\"https:\/\/uniquemodelsagency.ro\/women-timeea-antonescu\/\">\r\n        <div class=\"img\"><img src=\"https:\/\/uniquemodelsagency.ro\/wp-content\/uploads\/2025\/10\/1-1.jpg\"\r\n            alt=\"img\"\/><\/div>\r\n        <div class=\"info\">\r\n          <h2 class=\"hover-uma\">Timeea Antonescu<\/h2>\r\n          <p style=\"text-align: center;\">\u00cen\u0103l\u0163ime: 1,65 | Bust: 80 | Talie: 57 | \u015eolduri: 88 | Pantofi: 37 | P\u0103r: Castaniu \u00eenchis\r\n            | Ochi: C\u0103prui<\/p>\r\n        <\/div>\r\n      <\/a><\/div>\r\n  <\/div>\r\n\r\n\r\n\r\n<div class=\"col-md-3 col-sm-4 col-xs-12 face-uma\">\r\n    <div class=\"ih-item square effect6 top_to_bottom\"><a href=\"https:\/\/uniquemodelsagency.ro\/ro_RO\/women-anastasia-constantinescu\/\">\r\n        <div class=\"img\"><img src=\"https:\/\/uniquemodelsagency.ro\/wp-content\/uploads\/2025\/02\/ATa2.jpg\"\r\n            alt=\"img\"\/><\/div>\r\n        <div class=\"info\">\r\n          <h2 class=\"hover-uma\">Anastasia Constantinescu<\/h2>\r\n          <p style=\"text-align: center;\">\u00cen\u0103l\u0163ime: 1,76 | Bust: 80 | Talie: 60 | \u015eolduri: 85 | Pantofi: 38 | P\u0103r: Castaniu \u00eenchis\r\n            | Ochi: C\u0103prui<\/p>\r\n        <\/div>\r\n      <\/a><\/div>\r\n  <\/div>\r\n\r\n\r\n\r\n<div class=\"col-md-3 col-sm-4 col-xs-12 face-uma\">\r\n    <div class=\"ih-item square effect6 top_to_bottom\"><a href=\"https:\/\/uniquemodelsagency.ro\/ioanapreda\/\">\r\n        <div class=\"img\"><img src=\"https:\/\/uniquemodelsagency.ro\/wp-content\/uploads\/2023\/11\/cover.jpg\"\r\n            alt=\"img\"\/><\/div>\r\n        <div class=\"info\">\r\n          <h2 class=\"hover-uma\">Ioana Preda<\/h2>\r\n          <p style=\"text-align: center;\">\u00cen\u0103l\u0163ime: 1,75 | Bust: 84 | Talie: 60 | \u015eolduri: 90 | Pantofi: 38 | P\u0103r: Castaniu\r\n            | Ochi: Verzi<\/p>\r\n        <\/div>\r\n      <\/a><\/div>\r\n  <\/div>\r\n\r\n\r\n\r\n<\/div>\r\n<div class=\"row\" style=\"margin-top: 0.8em;\">\r\n\r\n\r\n<div class=\"col-md-3 col-sm-4 col-xs-12 face-uma\">\r\n    <div class=\"ih-item square effect6 top_to_bottom\"><a\r\n        href=\"http:\/\/uniquemodelsagency.ro\/ro_RO\/women-catalina-tofan\/\">\r\n        <div class=\"img\"><img src=\"\/wp-content\/uploads\/woman-new\/w_catalinatofan_5.jpg\" alt=\"Catalina Tofan\"\/><\/div>\r\n        <div class=\"info\">\r\n          <h2 class=\"hover-uma\">C\u0103t\u0103lina Tofan<\/h2>\r\n          <p style=\"text-align: center;\">\u00cen\u0103l\u0163ime: 1,78 | Bust: 85 | Talie: 65 | \u015eolduri: 92 | Pantofi: 40 | P\u0103r: \u0218aten\r\n            deschis | Eyes: Verzi<\/p>\r\n        <\/div>\r\n      <\/a><\/div>\r\n  <\/div>\r\n\r\n <div class=\"col-md-3 col-sm-4 col-xs-12 face-uma\">\r\n    <div class=\"ih-item square effect6 top_to_bottom\"><a href=\"https:\/\/uniquemodelsagency.ro\/women-ryaa-rosie\/\">\r\n        <div class=\"img\"><img src=\"https:\/\/uniquemodelsagency.ro\/wp-content\/uploads\/2023\/11\/Rosie4.jpg\" alt=\"img\"\/>\r\n        <\/div>\r\n        <div class=\"info\">\r\n          <h2 class=\"hover-uma\">Ryaa Rosie<\/h2>\r\n          <p style=\"text-align: center;\">\u00cen\u0103l\u021bime: 1,77 | Bust: 85 | Talie: 64 | \u0218old: 93 | Pantofi: 40 | P\u0103r: \u0218aten \u00eenchis\r\n            | Ochi: Negri<\/p>\r\n        <\/div>\r\n      <\/a><\/div>\r\n  <\/div>\r\n\r\n\r\n<div class=\"col-md-3 col-sm-4 col-xs-12 face-uma\">\r\n    <div class=\"ih-item square effect6 top_to_bottom\"><a href=\"https:\/\/uniquemodelsagency.ro\/women-sofia-pana\/\">\r\n        <div class=\"img\"><img src=\"https:\/\/uniquemodelsagency.ro\/wp-content\/uploads\/2023\/02\/999.jpg\"\r\n            alt=\"img\"\/><\/div>\r\n        <div class=\"info\">\r\n          <h2 class=\"hover-uma\">Sofia Pan\u0103<\/h2>\r\n          <p style=\"text-align: center;\">\u00cen\u0103l\u0163ime: 1,80 | Bust: 87 | Talie: 60 | \u015eolduri: 90 | Pantofi: 39 | P\u0103r: Blond\r\n            | Ochi: Alba\u015ftri<\/p>\r\n        <\/div>\r\n      <\/a><\/div>\r\n  <\/div>\r\n\r\n\r\n  <div class=\"col-md-3 col-sm-4 col-xs-12 face-uma\">\r\n    <div class=\"ih-item square effect6 top_to_bottom\"><a href=\"http:\/\/uniquemodelsagency.ro\/ro_RO\/women-bianca-dinu\/\">\r\n        <div class=\"img\"><img src=\"http:\/\/uniquemodelsagency.ro\/wp-content\/themes\/theme-uma\/images\/w_biancadinu_18.png\"\r\n            alt=\"img\"\/><\/div>\r\n        <div class=\"info\">\r\n          <h2 class=\"hover-uma\">Bianca Dinu<\/h2>\r\n          <p style=\"text-align: center;\">\u00cen\u0103l\u0163ime: 1,79 | Bust: 83 | Talie: 60 | \u015eolduri: 90 | Pantofi: 39 | P\u0103r:\r\n            Castaniu deschis | Ochi: C\u0103prui<\/p>\r\n\r\n        <\/div>\r\n      <\/a><\/div>\r\n  <\/div>\r\n\r\n<\/div>\r\n<div class=\"row\" style=\"margin-top: 0.8em;\">\r\n\r\n<div class=\"col-md-3 col-sm-4 col-xs-12 face-uma\">\r\n    <div class=\"ih-item square effect6 top_to_bottom\"><a href=\"http:\/\/uniquemodelsagency.ro\/ro_RO\/women-marta-odibo\/\">\r\n        <div class=\"img\"><img src=\"http:\/\/uniquemodelsagency.ro\/wp-content\/uploads\/woman-new\/w_martaodibo_6.png\"\r\n            alt=\"marta odibo\"\/><\/div>\r\n        <div class=\"info\">\r\n          <h2 class=\"hover-uma\">Marta Odibo<\/h2>\r\n          <p style=\"text-align: center;\">\u00cen\u0103l\u0163ime: 1,80 | Bust: 91 | Talie: 63 | \u015eolduri: 90 | Pantofi: 41 | P\u0103r:\r\n            Castaniu \u00eenchis | Ochi: C\u0103prui<\/p>\r\n        <\/div>\r\n      <\/a>\r\n    <\/div>\r\n  <\/div>\r\n\r\n\r\n<div class=\"col-md-3 col-sm-4 col-xs-12 face-uma\">\r\n    <div class=\"ih-item square effect6 top_to_bottom\"><a href=\"http:\/\/uniquemodelsagency.ro\/ro_RO\/women-briana\/\">\r\n        <div class=\"img\"><img src=\"https:\/\/uniquemodelsagency.ro\/wp-content\/uploads\/woman-new\/w_briana_2.png\" alt=\"img\"\/>\r\n        <\/div>\r\n        <div class=\"info\">\r\n          <h2 class=\"hover-uma\">Briana Zvirid<\/h2>\r\n          <p style=\"text-align: center;\">\u00cen\u0103l\u0163ime: 1,74 | Bust: 80 | Talie: 58 | \u015eolduri: 84 | Pantofi: 39 | P\u0103r:\r\n            Castaniu | Ochi: Alba\u015ftri<\/p>\r\n        <\/div>\r\n      <\/a><\/div>\r\n  <\/div>\r\n\r\n\r\n  \r\n\r\n<div class=\"col-md-3 col-sm-4 col-xs-12 face-uma\">\r\n    <div class=\"ih-item square effect6 top_to_bottom\"><a href=\"http:\/\/uniquemodelsagency.ro\/ro_RO\/women-delia-nahoi\/\">\r\n        <div class=\"img\"><img src=\"http:\/\/uniquemodelsagency.ro\/wp-content\/uploads\/woman-new\/w_delianahoi_23.png\"\r\n            alt=\"img\"\/><\/div>\r\n        <div class=\"info\">\r\n          <h2 class=\"hover-uma\">Delia Nahoi<\/h2>\r\n          <p style=\"text-align: center;\">\u00cen\u0103l\u0163ime: 1,77 | Bust: 89 | Talie: 79 | \u015eolduri: 99 | Pantofi: 40 | P\u0103r: Ro\u0219cat\r\n            | Ochi: Verzi<\/p>\r\n        <\/div>\r\n      <\/a><\/div>\r\n  <\/div>\r\n\r\n <div class=\"col-md-3 col-sm-4 col-xs-12 face-uma\">\r\n    <div class=\"ih-item square effect6 top_to_bottom\"><a\r\n        href=\"https:\/\/uniquemodelsagency.ro\/women-ivona-ionica\/\">\r\n        <div class=\"img\"><img src=\"https:\/\/uniquemodelsagency.ro\/wp-content\/uploads\/2023\/05\/DSC_8260-01.jpg\" alt=\"img\"\/>\r\n        <\/div>\r\n        <div class=\"info\">\r\n          <h2 class=\"hover-uma\">Ivona Ionic\u0103<\/h2>\r\n          <p style=\"text-align: center;\">\u00cen\u0103l\u0163ime: 1,73 | Bust: 84 | Talie: 60 | \u015eolduri: 91 | Pantofi: 38 | Hair: Blond\r\n            | Eyes: Alba\u0219tri<\/p>\r\n     <\/div>\r\n      <\/a><\/div>\r\n  <\/div>\r\n\r\n\r\n\r\n\r\n  \r\n\r\n<\/div>\r\n<div class=\"row\" style=\"margin-top: 0.8em;\">\r\n\r\n\r\n<div class=\"col-md-3 col-sm-4 col-xs-12 face-uma\">\r\n    <div class=\"ih-item square effect6 top_to_bottom\"><a\r\n        href=\"http:\/\/uniquemodelsagency.ro\/ro_RO\/women-victoria-novitchi\/\">\r\n        <div class=\"img\"><img src=\"\/wp-content\/uploads\/woman-new\/w_victorianovitchi_29.jpg\" alt=\"Victoria Novitchi\"\/>\r\n        <\/div>\r\n        <div class=\"info\">\r\n          <h2 class=\"hover-uma\">Victoria Novitchi<\/h2>\r\n          <p style=\"text-align: center;\">\u00cen\u0103l\u0163ime: 1,74 | Bust: 85 | Talie: 62 | \u015eolduri: 90 | Pantofi: 39 | P\u0103r: Blond\r\n            \u0218aten Deschis | Ochi: Alba\u0219tri<\/p>\r\n        <\/div>\r\n      <\/a><\/div>\r\n  <\/div>\r\n\r\n  <div class=\"col-md-3 col-sm-4 col-xs-12 face-uma\">\r\n    <div class=\"ih-item square effect6 top_to_bottom\"><a href=\"http:\/\/uniquemodelsagency.ro\/ro_RO\/women-andra-d\/\">\r\n        <div class=\"img\"><img src=\"http:\/\/uniquemodelsagency.ro\/wp-content\/themes\/theme-uma\/images\/w_andra_1.png\"\r\n            alt=\"img\"\/><\/div>\r\n        <div class=\"info\">\r\n          <h2 class=\"hover-uma\">Andra D.<\/h2>\r\n          <p style=\"text-align: center;\">\u00cen\u0103l\u0163ime: 1,80 | Bust: 83 | Talie: 60 | \u015eolduri: 90 | Pantofi: 39 | P\u0103r:\r\n            Castaniu deschis | Ochi: Alba\u015ftri<\/p>\r\n        <\/div>\r\n      <\/a><\/div>\r\n  <\/div>\r\n\r\n\r\n\r\n<div class=\"col-md-3 col-sm-4 col-xs-12 face-uma\">\r\n    <div class=\"ih-item square effect6 top_to_bottom\"><a href=\"http:\/\/uniquemodelsagency.ro\/ro_RO\/women-gabriela\/\">\r\n        <div class=\"img\"><img src=\"http:\/\/uniquemodelsagency.ro\/wp-content\/themes\/theme-uma\/images\/w_gabriela_26.png\"\r\n            alt=\"img\"\/><\/div>\r\n        <div class=\"info\">\r\n          <h2 class=\"hover-uma\">Gabriela<\/h2>\r\n          <p style=\"text-align: center;\">\u00cen\u0103l\u0163ime: 1,72 | Bust: 75 | Talie: 56 | \u015eolduri: 86 | Pantofi: 38 | P\u0103r:\r\n            Castaniu deschis | Ochi: C\u0103prui<\/p>\r\n        <\/div>\r\n      <\/a><\/div>\r\n  <\/div>\r\n\r\n\r\n\r\n<div class=\"col-md-3 col-sm-4 col-xs-12 face-uma\">\r\n    <div class=\"ih-item square effect6 top_to_bottom\"><a\r\n        href=\"http:\/\/uniquemodelsagency.ro\/ro_RO\/women-alexandra-mihalache\/\">\r\n        <div class=\"img\"><img src=\"http:\/\/uniquemodelsagency.ro\/wp-content\/themes\/theme-uma\/images\/w_alexandramihalache_1.png\" alt=\"img\"\/>\r\n        <\/div>\r\n        <div class=\"info\">\r\n          <h2 class=\"hover-uma\">Alexandra Mihalache<\/h2>\r\n          <p style=\"text-align: center;\">\u00cen\u0103l\u0163ime: 1,74 | Bust: 84 | Talie: 61 | \u015eolduri: 90 | Pantofi: 38 | P\u0103r:\r\n            Castaniu deschis | Ochi: C\u0103prui<\/p>\r\n        <\/div>\r\n      <\/a><\/div>\r\n  <\/div>\r\n\r\n\r\n\r\n<\/div>\r\n\r\n<div class=\"row\" style=\"margin-top: 0.8em;\">\r\n\r\n\r\n<div class=\"col-md-3 col-sm-4 col-xs-12 face-uma\">\r\n    <div class=\"ih-item square effect6 top_to_bottom\"><a href=\"http:\/\/uniquemodelsagency.ro\/ro_RO\/women-georgiana\">\r\n        <div class=\"img\"><img src=\"http:\/\/uniquemodelsagency.ro\/wp-content\/uploads\/woman-new\/w_georgiana_14.png\"\r\n            alt=\"unique-models-agency-georgiana\"\/><\/div>\r\n        <div class=\"info\">\r\n          <h2 class=\"hover-uma\">Georgiana<\/h2>\r\n          <p style=\"text-align: center;\">\u00cen\u0103l\u0163ime: 1,79 | Bust: 84 | Talie: 64 | \u015eolduri: 86 | Pantofi: 39 | P\u0103r:\r\n            Castaniu | Ochi: C\u0103prui<\/p>\r\n        <\/div>\r\n      <\/a>\r\n    <\/div>\r\n  <\/div>\r\n\r\n\r\n\r\n<div class=\"col-md-3 col-sm-4 col-xs-12 face-uma\">\r\n    <div class=\"ih-item square effect6 top_to_bottom\"><a href=\"http:\/\/uniquemodelsagency.ro\/ro_RO\/women-antonia-anton\/\">\r\n        <div class=\"img\"><img src=\"http:\/\/uniquemodelsagency.ro\/wp-content\/themes\/theme-uma\/images\/w_antoniaanton_42.png\" alt=\"img\"\/><\/div>\r\n        <div class=\"info\">\r\n          <h2 class=\"hover-uma\">Antonia Anton<\/h2>\r\n          <p style=\"text-align: center;\">\u00cen\u0103l\u0163ime: 1,74 | Bust: 80 | Talie: 63 | \u015eolduri: 84 | Pantofi: 39 | P\u0103r:\r\n            Castaniu deschis | Ochi: C\u0103prui<\/p>\r\n        <\/div>\r\n      <\/a><\/div>\r\n  <\/div>\r\n\r\n\r\n<\/div><\/div>","protected":false},"excerpt":{"rendered":"<div class=\"row\" style=\"margin-top: 0.8em;\">\n<section class=\"container umahead\">\n<div class=\"col-md-4 col-md-offset-4 col-sm-6 col-sm-offset-3 col-xs-12\">\n<h1>Fete<\/h1>\n<\/p><\/div>\n<\/section>\n<div class=\"row\">\n<div class=\"col-md-3... \n\n","protected":false},"author":1,"featured_media":0,"parent":0,"menu_order":0,"comment_status":"closed","ping_status":"closed","template":"page-general.php","meta":[],"_links":{"self":[{"href":"https:\/\/uniquemodelsagency.ro\/ro_RO\/wp-json\/wp\/v2\/pages\/2456"}],"collection":[{"href":"https:\/\/uniquemodelsagency.ro\/ro_RO\/wp-json\/wp\/v2\/pages"}],"about":[{"href":"https:\/\/uniquemodelsagency.ro\/ro_RO\/wp-json\/wp\/v2\/types\/page"}],"author":[{"embeddable":true,"href":"https:\/\/uniquemodelsagency.ro\/ro_RO\/wp-json\/wp\/v2\/users\/1"}],"replies":[{"embeddable":true,"href":"https:\/\/uniquemodelsagency.ro\/ro_RO\/wp-json\/wp\/v2\/comments?post=2456"}],"version-history":[{"count":395,"href":"https:\/\/uniquemodelsagency.ro\/ro_RO\/wp-json\/wp\/v2\/pages\/2456\/revisions"}],"predecessor-version":[{"id":7916,"href":"https:\/\/uniquemodelsagency.ro\/ro_RO\/wp-json\/wp\/v2\/pages\/2456\/revisions\/7916"}],"wp:attachment":[{"href":"https:\/\/uniquemodelsagency.ro\/ro_RO\/wp-json\/wp\/v2\/media?parent=2456"}],"curies":[{"name":"wp","href":"https:\/\/api.w.org\/{rel}","templated":true}]}}