{"id":238,"date":"2012-01-05T01:50:49","date_gmt":"2012-01-05T01:50:49","guid":{"rendered":"http:\/\/andoo.ro\/models\/?page_id=17"},"modified":"2025-02-25T11:37:44","modified_gmt":"2025-02-25T09:37:44","slug":"become-a-model","status":"publish","type":"page","link":"https:\/\/uniquemodelsagency.ro\/ro_RO\/become-a-model\/","title":{"rendered":"VREI S\u0102 DEVII MODEL?"},"content":{"rendered":"<section class=\"container name-sec-uma\">\r\n<div class=\"col-md-6 col-md-offset-3 col-sm-8 col-sm-offset-2 col-xs-12\">\r\n<h1>VREI S\u0102 DEVII MODEL?<\/h1>\r\n<\/div>\r\n\r\n<div class=\"col-md-6 col-md-offset-3 col-sm-8 col-sm-offset-2 col-xs-12\">\r\n<p class=\"text-center\">Dac\u0103 dori\u021bi s\u0103 deveni\u021bi un model UNIQUE, contacta\u021bi-ne pe e-mail la adresa <strong>office@uniquemodelsagency.ro<\/strong> sau completa\u021bi formularul, \u00eenc\u0103rc\u00e2nd o singur\u0103 fotografie, dup\u0103 cum urmeaz\u0103:<\/p>\r\n<h2 style=\"font-size: 1.7em;\"><span style=\"font-weight: 300;\">CERIN\u0162E:<br \/> <\/span><\/h2>\r\n<p style=\"text-align:center;\"><strong>\u00ceN\u0102L\u0162IME:<\/strong> cel pu\u0163in 1,75 cm pentru fete | cel pu\u0163in 1,85 cm pentru b\u0103ie\u0163i <br \/><strong>V\u00c2RSTA:<\/strong> cel pu\u0163in 15 ani<\/p>\r\n<\/div>\r\n\r\n<div class=\"row\">\r\n<div class=\"col-md-6 col-sm-12 col-xs-12 grid-port-uma\">\r\n<img class=\"aligncenter size-large wp-image-4718\" src=\"\/wp-content\/themes\/theme-uma\/images\/become-model-girl.png\"\/>\r\n<\/div>\r\n<div class=\"col-md-6 col-sm-12 col-xs-12 grid-port-uma\">\r\n<img class=\"aligncenter size-large wp-image-4718\" src=\"\/wp-content\/themes\/theme-uma\/images\/become-model-men.png\"\/>\r\n<\/div>\r\n<\/div>\r\n<div class=\"row\">\r\n\r\n<div class=\"col-md-12 col-sm-12 col-xs-12\">\r\n<div role=\"form\" class=\"wpcf7\" id=\"wpcf7-f5405-o1\" lang=\"en-US\" dir=\"ltr\">\n<div class=\"screen-reader-response\"><\/div>\n<form action=\"\/ro_RO\/wp-json\/wp\/v2\/pages\/238#wpcf7-f5405-o1\" method=\"post\" class=\"wpcf7-form\" enctype=\"multipart\/form-data\" novalidate=\"novalidate\">\n<div style=\"display: none;\">\n<input type=\"hidden\" name=\"_wpcf7\" value=\"5405\" \/>\n<input type=\"hidden\" name=\"_wpcf7_version\" value=\"5.1.6\" \/>\n<input type=\"hidden\" name=\"_wpcf7_locale\" value=\"en_US\" \/>\n<input type=\"hidden\" name=\"_wpcf7_unit_tag\" value=\"wpcf7-f5405-o1\" \/>\n<input type=\"hidden\" name=\"_wpcf7_container_post\" value=\"0\" \/>\n<\/div>\n<div class=\"col-md-6 col-sm-6 col-xs-12\">\n<span class=\"wpcf7-form-control-wrap your-name\"><input type=\"text\" name=\"your-name\" value=\"\" size=\"40\" class=\"wpcf7-form-control wpcf7-text wpcf7-validates-as-required\" aria-required=\"true\" aria-invalid=\"false\" placeholder=\"Nume:\" \/><\/span><br \/>\n<span class=\"wpcf7-form-control-wrap your-surname\"><input type=\"text\" name=\"your-surname\" value=\"\" size=\"40\" class=\"wpcf7-form-control wpcf7-text wpcf7-validates-as-required\" aria-required=\"true\" aria-invalid=\"false\" placeholder=\"Prenume:\" \/><\/span><\/p>\n<p style=\"position: absolute;\">Sex:<\/p>\n<p> <span class=\"wpcf7-form-control-wrap your-sex\"><select name=\"your-sex\" class=\"wpcf7-form-control wpcf7-select wpcf7-validates-as-required select1\" aria-required=\"true\" aria-invalid=\"false\"><option value=\"\">---<\/option><option value=\"B\u0103iat\">B\u0103iat<\/option><option value=\"Fat\u0103\">Fat\u0103<\/option><\/select><\/span><br \/>\n<span class=\"wpcf7-form-control-wrap your-age\"><input type=\"number\" name=\"your-age\" value=\"\" class=\"wpcf7-form-control wpcf7-number wpcf7-validates-as-required wpcf7-validates-as-number\" min=\"1\" max=\"100\" aria-required=\"true\" aria-invalid=\"false\" placeholder=\"V\u00e2rsta\" \/><\/span>\n<\/p><\/div>\n<div class=\"col-md-6 col-sm-6 col-xs-12\">\n<span class=\"wpcf7-form-control-wrap your-proportions\"><input type=\"text\" name=\"your-proportions\" value=\"\" size=\"40\" class=\"wpcf7-form-control wpcf7-text wpcf7-validates-as-required\" aria-required=\"true\" aria-invalid=\"false\" placeholder=\"Dimensiuni - x \/ x \/ x\" \/><\/span><br \/>\n<span class=\"wpcf7-form-control-wrap your-weight\"><input type=\"number\" name=\"your-weight\" value=\"\" class=\"wpcf7-form-control wpcf7-number wpcf7-validates-as-required wpcf7-validates-as-number\" min=\"30\" max=\"150\" aria-required=\"true\" aria-invalid=\"false\" placeholder=\"Greutate (kg)\" \/><\/span><br \/>\n<span class=\"wpcf7-form-control-wrap your-height\"><input type=\"number\" name=\"your-height\" value=\"\" class=\"wpcf7-form-control wpcf7-number wpcf7-validates-as-required wpcf7-validates-as-number\" min=\"100\" max=\"250\" aria-required=\"true\" aria-invalid=\"false\" placeholder=\"\u00cen\u0103l\u0163ime (cm)\" \/><\/span><br \/>\n<span class=\"wpcf7-form-control-wrap your-shoe\"><input type=\"number\" name=\"your-shoe\" value=\"\" class=\"wpcf7-form-control wpcf7-number wpcf7-validates-as-required wpcf7-validates-as-number\" min=\"10\" max=\"80\" aria-required=\"true\" aria-invalid=\"false\" placeholder=\"M\u0103rime pantofi\" \/><\/span>\n<\/div>\n<div class=\"col-md-12 col-sm-12 col-xs-12\">\n<p>Culoarea ochilor:<\/p>\n<p> <span class=\"wpcf7-form-control-wrap your-eyes\"><select name=\"your-eyes\" class=\"wpcf7-form-control wpcf7-select wpcf7-validates-as-required\" aria-required=\"true\" aria-invalid=\"false\"><option value=\"\">---<\/option><option value=\"Alba\u015ftri\">Alba\u015ftri<\/option><option value=\"Verzi\">Verzi<\/option><option value=\"Negri\">Negri<\/option><option value=\"C\u0103prui\">C\u0103prui<\/option><\/select><\/span><\/p>\n<p>Culoarea p\u0103rului:<\/p>\n<p> <span class=\"wpcf7-form-control-wrap your-hair\"><select name=\"your-hair\" class=\"wpcf7-form-control wpcf7-select wpcf7-validates-as-required\" aria-required=\"true\" aria-invalid=\"false\"><option value=\"\">---<\/option><option value=\"Negru\">Negru<\/option><option value=\"Blond\">Blond<\/option><option value=\"\u015eaten\">\u015eaten<\/option><option value=\"Castaniu\">Castaniu<\/option><option value=\"Ro\u015fcat\">Ro\u015fcat<\/option><\/select><\/span><br \/>\n<span class=\"wpcf7-form-control-wrap your-address\"><input type=\"text\" name=\"your-address\" value=\"\" size=\"40\" class=\"wpcf7-form-control wpcf7-text wpcf7-validates-as-required\" aria-required=\"true\" aria-invalid=\"false\" placeholder=\"Adres\u0103\" \/><\/span><br \/>\n<span class=\"wpcf7-form-control-wrap your-city\"><input type=\"text\" name=\"your-city\" value=\"\" size=\"40\" class=\"wpcf7-form-control wpcf7-text wpcf7-validates-as-required\" aria-required=\"true\" aria-invalid=\"false\" placeholder=\"Localitate\" \/><\/span><br \/>\n<span class=\"wpcf7-form-control-wrap your-phone\"><input type=\"tel\" name=\"your-phone\" value=\"\" size=\"40\" class=\"wpcf7-form-control wpcf7-text wpcf7-tel wpcf7-validates-as-required wpcf7-validates-as-tel\" aria-required=\"true\" aria-invalid=\"false\" placeholder=\"Num\u0103r de telefon:\" \/><\/span><br \/>\n<span class=\"wpcf7-form-control-wrap your-email\"><input type=\"email\" name=\"your-email\" value=\"\" size=\"40\" class=\"wpcf7-form-control wpcf7-text wpcf7-email wpcf7-validates-as-required wpcf7-validates-as-email\" aria-required=\"true\" aria-invalid=\"false\" placeholder=\"E-mail:\" \/><\/span><br \/>\n<span class=\"wpcf7-form-control-wrap your-exp\"><textarea name=\"your-exp\" cols=\"40\" rows=\"2\" class=\"wpcf7-form-control wpcf7-textarea wpcf7-validates-as-required\" aria-required=\"true\" aria-invalid=\"false\" placeholder=\"experien\u0163\u0103 relevant\u0103\"><\/textarea><\/span><br \/>\n<center>\n<p >\u00cencarc\u0103 fotografia ta (.jpg):<\/p>\n<p> <span class=\"wpcf7-form-control-wrap your-file\"><input type=\"file\" name=\"your-file\" size=\"40\" class=\"wpcf7-form-control wpcf7-file wpcf7-validates-as-required\" accept=\".jpg\" aria-required=\"true\" aria-invalid=\"false\" \/><\/span><\/center><br \/>\n<center>\n<p><span class=\"wpcf7-form-control-wrap checkbox-109\"><span class=\"wpcf7-form-control wpcf7-checkbox wpcf7-validates-as-required\"><span class=\"wpcf7-list-item first last\"><input type=\"checkbox\" name=\"checkbox-109[]\" value=\"Sunt de acord cu politica de prelucrare a datelor personale \u0219i politica de cookie-uri.\" \/><span class=\"wpcf7-list-item-label\">Sunt de acord cu politica de prelucrare a datelor personale \u0219i politica de cookie-uri.<\/span><\/span><\/span><\/span><\/p>\n<p><\/center>\n<\/div>\n<div class=\"col-md-12 col-sm-12 col-xs-12\">\n<center><input type=\"submit\" value=\"Trimite\" class=\"wpcf7-form-control wpcf7-submit\" \/><\/center>\n<\/div>\n<p style=\"display: none !important;\"><label>&#916;<textarea name=\"_wpcf7_ak_hp_textarea\" cols=\"45\" rows=\"8\" maxlength=\"100\"><\/textarea><\/label><input type=\"hidden\" id=\"ak_js_1\" name=\"_wpcf7_ak_js\" value=\"205\"\/><script>document.getElementById( \"ak_js_1\" ).setAttribute( \"value\", ( new Date() ).getTime() );<\/script><\/p><div class=\"wpcf7-response-output wpcf7-display-none\"><\/div><\/form><\/div>\r\n<\/div>\r\n<\/div>\r\n<\/section>","protected":false},"excerpt":{"rendered":"<section class=\"container name-sec-uma\">\n<div class=\"col-md-6 col-md-offset-3 col-sm-8 col-sm-offset-2 col-xs-12\">\n<h1>VREI S\u0102 DEVII MODEL?<\/h1>\n<\/div>\n<div class=\"col-md-6 col-md-offset-3 col-sm-8 col-sm-offset-2 col-xs-12\">\n<p class=\"text-ce... \n\n","protected":false},"author":1,"featured_media":0,"parent":0,"menu_order":0,"comment_status":"closed","ping_status":"closed","template":"page-general.php","meta":[],"_links":{"self":[{"href":"https:\/\/uniquemodelsagency.ro\/ro_RO\/wp-json\/wp\/v2\/pages\/238"}],"collection":[{"href":"https:\/\/uniquemodelsagency.ro\/ro_RO\/wp-json\/wp\/v2\/pages"}],"about":[{"href":"https:\/\/uniquemodelsagency.ro\/ro_RO\/wp-json\/wp\/v2\/types\/page"}],"author":[{"embeddable":true,"href":"https:\/\/uniquemodelsagency.ro\/ro_RO\/wp-json\/wp\/v2\/users\/1"}],"replies":[{"embeddable":true,"href":"https:\/\/uniquemodelsagency.ro\/ro_RO\/wp-json\/wp\/v2\/comments?post=238"}],"version-history":[{"count":46,"href":"https:\/\/uniquemodelsagency.ro\/ro_RO\/wp-json\/wp\/v2\/pages\/238\/revisions"}],"predecessor-version":[{"id":7415,"href":"https:\/\/uniquemodelsagency.ro\/ro_RO\/wp-json\/wp\/v2\/pages\/238\/revisions\/7415"}],"wp:attachment":[{"href":"https:\/\/uniquemodelsagency.ro\/ro_RO\/wp-json\/wp\/v2\/media?parent=238"}],"curies":[{"name":"wp","href":"https:\/\/api.w.org\/{rel}","templated":true}]}}